{"id":11,"date":"2025-07-23T10:17:51","date_gmt":"2025-07-23T10:17:51","guid":{"rendered":"https:\/\/my-camargue.fr\/?page_id=11"},"modified":"2025-07-25T07:57:01","modified_gmt":"2025-07-25T07:57:01","slug":"prochainement","status":"publish","type":"page","link":"https:\/\/my-camargue.fr\/","title":{"rendered":"PROCHAINEMENT"},"content":{"rendered":"<div class=\"et_d4_element et_pb_section et_pb_section_0 et_pb_with_background  et_pb_css_mix_blend_mode et_section_regular et_block_section\" >\n\t\t\t\t\n\t\t\t\t\n\t\t\t\t\n\t\t\t\t\n\t\t\t\t\n\t\t\t\t\n\t\t\t\t<div class=\"et_d4_element et_pb_row et_pb_row_0  et_pb_css_mix_blend_mode et_block_row\">\n\t\t\t\t<div class=\"et_d4_element et_pb_column_4_4 et_pb_column et_pb_column_0  et_pb_css_mix_blend_mode et-last-child et_block_column\">\n\t\t\t\t\n\t\t\t\t\n\t\t\t\t\n\t\t\t\t\n\t\t\t\t<div class=\"et_pb_module et_d4_element et_pb_image et_pb_image_0\">\n\t\t\t\t\n\t\t\t\t\n\t\t\t\t\n\t\t\t\t\n\t\t\t\t<span class=\"et_pb_image_wrap \"><img loading=\"lazy\" decoding=\"async\" width=\"340\" height=\"326\" src=\"https:\/\/my-camargue.fr\/wp-content\/uploads\/2025\/07\/svgviewer-png-output.png\" alt=\"\" title=\"svgviewer-png-output\" srcset=\"https:\/\/my-camargue.fr\/wp-content\/uploads\/2025\/07\/svgviewer-png-output.png 340w, https:\/\/my-camargue.fr\/wp-content\/uploads\/2025\/07\/svgviewer-png-output-300x288.png 300w\" sizes=\"(max-width: 340px) 100vw, 340px\" class=\"wp-image-33\" \/><\/span>\n\t\t\t<\/div><div class=\"et_pb_module et_d4_element et_pb_text et_pb_text_0  et_pb_text_align_left et_pb_bg_layout_light\">\n\t\t\t\t\n\t\t\t\t\n\t\t\t\t\n\t\t\t\t\n\t\t\t\t<div class=\"et_pb_text_inner\"><h1 style=\"text-align: center;\">My Camargue, un nouvel espace d\u00e9di\u00e9 \u00e0 notre territoire<\/h1><\/div>\n\t\t\t<\/div>\n\t\t\t<\/div>\n\t\t\t\t\n\t\t\t\t\n\t\t\t\t\n\t\t\t\t\n\t\t\t<\/div><div class=\"et_d4_element et_pb_row et_pb_row_1  et_pb_css_mix_blend_mode et_block_row\">\n\t\t\t\t<div class=\"et_d4_element et_pb_column_4_4 et_pb_column et_pb_column_1  et_pb_css_mix_blend_mode et-last-child et_block_column\">\n\t\t\t\t\n\t\t\t\t\n\t\t\t\t\n\t\t\t\t\n\t\t\t\t<div class=\"et_pb_module et_d4_element et_pb_text et_pb_text_1  et_pb_text_align_left et_pb_text_align_center-phone et_pb_bg_layout_light\">\n\t\t\t\t\n\t\t\t\t\n\t\t\t\t\n\t\t\t\t\n\t\t\t\t<div class=\"et_pb_text_inner\"><p style=\"text-align: center;\">La mairie des Saintes-Maries-de-la-Mer a r\u00e9serv\u00e9 le nom de domaine <strong data-start=\"328\" data-end=\"346\">my-camargue.fr<\/strong> pour valoriser et rassembler ce qui fait l\u2019identit\u00e9 de notre territoire.<\/p>\n<p style=\"text-align: center;\">Un espace en ligne d\u00e9di\u00e9 \u00e0 la Camargue d\u2019aujourd\u2019hui et de demain, en construction.<\/p><\/div>\n\t\t\t<\/div>\n\t\t\t<\/div>\n\t\t\t\t\n\t\t\t\t\n\t\t\t\t\n\t\t\t\t\n\t\t\t<\/div><div class=\"et_d4_element et_pb_row et_pb_row_2  et_pb_css_mix_blend_mode et_block_row\">\n\t\t\t\t<div class=\"et_d4_element et_pb_column_4_4 et_pb_column et_pb_column_2  et_pb_css_mix_blend_mode et-last-child et_block_column\">\n\t\t\t\t\n\t\t\t\t\n\t\t\t\t\n\t\t\t\t\n\t\t\t\t<div class=\"et_pb_module et_d4_element et_pb_image et_pb_image_1\">\n\t\t\t\t\n\t\t\t\t\n\t\t\t\t\n\t\t\t\t\n\t\t\t\t<span class=\"et_pb_image_wrap \"><img loading=\"lazy\" decoding=\"async\" width=\"1952\" height=\"691\" src=\"https:\/\/my-camargue.fr\/wp-content\/uploads\/2025\/07\/DesignByIpsumediaBlanc.png\" alt=\"\" title=\"DesignByIpsumediaBlanc\" srcset=\"https:\/\/my-camargue.fr\/wp-content\/uploads\/2025\/07\/DesignByIpsumediaBlanc.png 1952w, https:\/\/my-camargue.fr\/wp-content\/uploads\/2025\/07\/DesignByIpsumediaBlanc-1280x453.png 1280w, https:\/\/my-camargue.fr\/wp-content\/uploads\/2025\/07\/DesignByIpsumediaBlanc-980x347.png 980w, https:\/\/my-camargue.fr\/wp-content\/uploads\/2025\/07\/DesignByIpsumediaBlanc-480x170.png 480w\" sizes=\"(min-width: 0px) and (max-width: 480px) 480px, (min-width: 481px) and (max-width: 980px) 980px, (min-width: 981px) and (max-width: 1280px) 1280px, (min-width: 1281px) 1952px, 100vw\" class=\"wp-image-22\" \/><\/span>\n\t\t\t<\/div>\n\t\t\t<\/div>\n\t\t\t\t\n\t\t\t\t\n\t\t\t\t\n\t\t\t\t\n\t\t\t<\/div>\n\t\t\t\t\n\t\t\t\t\n\t\t\t<\/div>\n","protected":false},"excerpt":{"rendered":"","protected":false},"author":1,"featured_media":0,"parent":0,"menu_order":0,"comment_status":"closed","ping_status":"closed","template":"page-template-blank.php","meta":{"_et_pb_use_builder":"on","_et_pb_old_content":"","_et_gb_content_width":"","footnotes":""},"class_list":["post-11","page","type-page","status-publish","hentry"],"_links":{"self":[{"href":"https:\/\/my-camargue.fr\/index.php?rest_route=\/wp\/v2\/pages\/11","targetHints":{"allow":["GET"]}}],"collection":[{"href":"https:\/\/my-camargue.fr\/index.php?rest_route=\/wp\/v2\/pages"}],"about":[{"href":"https:\/\/my-camargue.fr\/index.php?rest_route=\/wp\/v2\/types\/page"}],"author":[{"embeddable":true,"href":"https:\/\/my-camargue.fr\/index.php?rest_route=\/wp\/v2\/users\/1"}],"replies":[{"embeddable":true,"href":"https:\/\/my-camargue.fr\/index.php?rest_route=%2Fwp%2Fv2%2Fcomments&post=11"}],"version-history":[{"count":10,"href":"https:\/\/my-camargue.fr\/index.php?rest_route=\/wp\/v2\/pages\/11\/revisions"}],"predecessor-version":[{"id":45,"href":"https:\/\/my-camargue.fr\/index.php?rest_route=\/wp\/v2\/pages\/11\/revisions\/45"}],"wp:attachment":[{"href":"https:\/\/my-camargue.fr\/index.php?rest_route=%2Fwp%2Fv2%2Fmedia&parent=11"}],"curies":[{"name":"wp","href":"https:\/\/api.w.org\/{rel}","templated":true}]}}